{"id":119,"date":"2025-05-11T16:45:04","date_gmt":"2025-05-11T16:45:04","guid":{"rendered":"https:\/\/prismin.fr\/?page_id=119"},"modified":"2025-05-24T14:56:26","modified_gmt":"2025-05-24T14:56:26","slug":"services","status":"publish","type":"page","link":"https:\/\/prismin.fr\/en\/services\/","title":{"rendered":"Services"},"content":{"rendered":"<div data-elementor-type=\"wp-page\" data-elementor-id=\"119\" class=\"elementor elementor-119\">\n\t\t\t\t<div class=\"elementor-element elementor-element-444ed13 e-grid e-con-full wpr-particle-no wpr-jarallax-no wpr-parallax-no wpr-sticky-section-no e-con e-parent\" data-id=\"444ed13\" data-element_type=\"container\" data-settings=\"{&quot;background_background&quot;:&quot;classic&quot;}\">\n\t\t\t\t<div class=\"elementor-element elementor-element-275c0a8 elementor-widget elementor-widget-heading\" data-id=\"275c0a8\" data-element_type=\"widget\" data-widget_type=\"heading.default\">\n\t\t\t\t<div class=\"elementor-widget-container\">\n\t\t\t\t\t<h2 class=\"elementor-heading-title elementor-size-default\">Our services<\/h2>\t\t\t\t<\/div>\n\t\t\t\t<\/div>\n\t\t\t\t<\/div>\n\t\t<div class=\"elementor-element elementor-element-5b9a55b e-grid e-con-boxed wpr-particle-no wpr-jarallax-no wpr-parallax-no wpr-sticky-section-no e-con e-parent\" data-id=\"5b9a55b\" data-element_type=\"container\" data-settings=\"{&quot;background_background&quot;:&quot;classic&quot;}\">\n\t\t\t\t\t<div class=\"e-con-inner\">\n\t\t\t\t<div class=\"elementor-element elementor-element-5e1b162 elementor-widget-divider--view-line elementor-widget elementor-widget-divider\" data-id=\"5e1b162\" data-element_type=\"widget\" data-widget_type=\"divider.default\">\n\t\t\t\t<div class=\"elementor-widget-container\">\n\t\t\t\t\t\t\t<div class=\"elementor-divider\">\n\t\t\t<span class=\"elementor-divider-separator\">\n\t\t\t\t\t\t<\/span>\n\t\t<\/div>\n\t\t\t\t\t\t<\/div>\n\t\t\t\t<\/div>\n\t\t\t\t\t<\/div>\n\t\t\t\t<\/div>\n\t\t<div class=\"elementor-element elementor-element-af61d93 e-grid e-con-full wpr-particle-no wpr-jarallax-no wpr-parallax-no wpr-sticky-section-no e-con e-parent\" data-id=\"af61d93\" data-element_type=\"container\" data-settings=\"{&quot;background_background&quot;:&quot;classic&quot;}\">\n\t\t<div class=\"elementor-element elementor-element-11687b9 e-con-full e-flex wpr-particle-no wpr-jarallax-no wpr-parallax-no wpr-sticky-section-no e-con e-child\" data-id=\"11687b9\" data-element_type=\"container\">\n\t\t\t\t<div class=\"elementor-element elementor-element-29beccf elementor-widget__width-initial elementor-widget elementor-widget-image\" data-id=\"29beccf\" data-element_type=\"widget\" data-widget_type=\"image.default\">\n\t\t\t\t<div class=\"elementor-widget-container\">\n\t\t\t\t\t\t\t\t\t\t\t\t\t\t\t<img decoding=\"async\" src=\"https:\/\/prismin.fr\/wp-content\/uploads\/elementor\/thumbs\/Fichier-7-r5y60411aqnw9k802372pju5zce6xkxqdsiqc8j666.png\" title=\"Fichier 7\" alt=\"icone m\u00e9gaphone avec une bulle et un lecteur de vid\u00e9o\" loading=\"lazy\" \/>\t\t\t\t\t\t\t\t\t\t\t\t\t\t\t<\/div>\n\t\t\t\t<\/div>\n\t\t\t\t<div class=\"elementor-element elementor-element-22f2b6d elementor-widget elementor-widget-text-editor\" data-id=\"22f2b6d\" data-element_type=\"widget\" data-widget_type=\"text-editor.default\">\n\t\t\t\t<div class=\"elementor-widget-container\">\n\t\t\t\t\t\t\t\t\t<p>360\u00b0 communication<\/p>\t\t\t\t\t\t\t\t<\/div>\n\t\t\t\t<\/div>\n\t\t\t\t<div class=\"elementor-element elementor-element-5f6fa0a elementor-widget elementor-widget-text-editor\" data-id=\"5f6fa0a\" data-element_type=\"widget\" data-widget_type=\"text-editor.default\">\n\t\t\t\t<div class=\"elementor-widget-container\">\n\t\t\t\t\t\t\t\t\t<p class=\"\" data-start=\"171\" data-end=\"375\"><strong data-start=\"171\" data-end=\"223\">A solid brand image, across all channels.<\/strong><br data-start=\"223\" data-end=\"226\" \/>Visual identity, social networks, content, videos, print... We align everything so that your communication is coherent, impactful and recognisable.<\/p>\t\t\t\t\t\t\t\t<\/div>\n\t\t\t\t<\/div>\n\t\t\t\t<\/div>\n\t\t<div class=\"elementor-element elementor-element-5b2e6d7 e-con-full e-flex wpr-particle-no wpr-jarallax-no wpr-parallax-no wpr-sticky-section-no e-con e-child\" data-id=\"5b2e6d7\" data-element_type=\"container\">\n\t\t\t\t<div class=\"elementor-element elementor-element-34ad5cd elementor-widget elementor-widget-image\" data-id=\"34ad5cd\" data-element_type=\"widget\" data-widget_type=\"image.default\">\n\t\t\t\t<div class=\"elementor-widget-container\">\n\t\t\t\t\t\t\t\t\t\t\t\t\t\t\t<img decoding=\"async\" src=\"https:\/\/prismin.fr\/wp-content\/uploads\/elementor\/thumbs\/Fichier-6-r5y60411aqnw9k802372pju5zce6xkxqdsiqc8j666.png\" title=\"Fichier 6\" alt=\"plaquette de strat\u00e9gie\" loading=\"lazy\" \/>\t\t\t\t\t\t\t\t\t\t\t\t\t\t\t<\/div>\n\t\t\t\t<\/div>\n\t\t\t\t<div class=\"elementor-element elementor-element-aa6c558 elementor-widget elementor-widget-text-editor\" data-id=\"aa6c558\" data-element_type=\"widget\" data-widget_type=\"text-editor.default\">\n\t\t\t\t<div class=\"elementor-widget-container\">\n\t\t\t\t\t\t\t\t\t<p>Acquisition strategy<\/p>\t\t\t\t\t\t\t\t<\/div>\n\t\t\t\t<\/div>\n\t\t\t\t<div class=\"elementor-element elementor-element-18a9ac7 elementor-widget elementor-widget-text-editor\" data-id=\"18a9ac7\" data-element_type=\"widget\" data-widget_type=\"text-editor.default\">\n\t\t\t\t<div class=\"elementor-widget-container\">\n\t\t\t\t\t\t\t\t\t<p class=\"\" data-start=\"416\" data-end=\"608\"><strong data-start=\"416\" data-end=\"464\">Attract the right people at the right time.<\/strong><br data-start=\"464\" data-end=\"467\" \/>We build acquisition strategies designed to convert: advertising, sales tunnels, SEO, partnerships... Everything is results-oriented.<\/p>\t\t\t\t\t\t\t\t<\/div>\n\t\t\t\t<\/div>\n\t\t\t\t<\/div>\n\t\t\t\t<div class=\"elementor-element elementor-element-ac51bb2 elementor-widget__width-initial elementor-widget elementor-widget-image\" data-id=\"ac51bb2\" data-element_type=\"widget\" data-widget_type=\"image.default\">\n\t\t\t\t<div class=\"elementor-widget-container\">\n\t\t\t\t\t\t\t\t\t\t\t\t\t\t\t<img decoding=\"async\" src=\"https:\/\/prismin.fr\/wp-content\/uploads\/elementor\/thumbs\/Projet-S1-r5yozp5qj5vhz1n47xojo6g6cjtreqd8esm11juuew.png\" title=\"Projet S1\" alt=\"un homme filmant avec une cam\u00e9ra sur tr\u00e9pied\" loading=\"lazy\" \/>\t\t\t\t\t\t\t\t\t\t\t\t\t\t\t<\/div>\n\t\t\t\t<\/div>\n\t\t<div class=\"elementor-element elementor-element-af7fb62 e-con-full e-flex wpr-particle-no wpr-jarallax-no wpr-parallax-no wpr-sticky-section-no e-con e-child\" data-id=\"af7fb62\" data-element_type=\"container\">\n\t\t\t\t<div class=\"elementor-element elementor-element-948e7c5 elementor-widget elementor-widget-image\" data-id=\"948e7c5\" data-element_type=\"widget\" data-widget_type=\"image.default\">\n\t\t\t\t<div class=\"elementor-widget-container\">\n\t\t\t\t\t\t\t\t\t\t\t\t\t\t\t<img decoding=\"async\" src=\"https:\/\/prismin.fr\/wp-content\/uploads\/elementor\/thumbs\/Fichier-5-r5y60411aqnw9k802372pju5zce6xkxqdsiqc8j666.png\" title=\"Fichier 5\" alt=\"enveloppe avec une lettre dedans et un @ dessus\" loading=\"lazy\" \/>\t\t\t\t\t\t\t\t\t\t\t\t\t\t\t<\/div>\n\t\t\t\t<\/div>\n\t\t\t\t<div class=\"elementor-element elementor-element-c4d335f elementor-widget elementor-widget-text-editor\" data-id=\"c4d335f\" data-element_type=\"widget\" data-widget_type=\"text-editor.default\">\n\t\t\t\t<div class=\"elementor-widget-container\">\n\t\t\t\t\t\t\t\t\t<p>Newsletters \/ email marketing<\/p>\t\t\t\t\t\t\t\t<\/div>\n\t\t\t\t<\/div>\n\t\t\t\t<div class=\"elementor-element elementor-element-6b46a51 elementor-widget elementor-widget-text-editor\" data-id=\"6b46a51\" data-element_type=\"widget\" data-widget_type=\"text-editor.default\">\n\t\t\t\t<div class=\"elementor-widget-container\">\n\t\t\t\t\t\t\t\t\t<p class=\"\" data-start=\"655\" data-end=\"829\"><strong data-start=\"655\" data-end=\"698\">Emails that engage and sell.<\/strong><br data-start=\"698\" data-end=\"701\" \/>Automation, newsletters, launch sequences... We turn your email list into a stable and profitable conversion channel.<\/p>\t\t\t\t\t\t\t\t<\/div>\n\t\t\t\t<\/div>\n\t\t\t\t<\/div>\n\t\t<div class=\"elementor-element elementor-element-f286029 e-con-full e-flex wpr-particle-no wpr-jarallax-no wpr-parallax-no wpr-sticky-section-no e-con e-child\" data-id=\"f286029\" data-element_type=\"container\">\n\t\t\t\t<div class=\"elementor-element elementor-element-bf7eda6 elementor-widget elementor-widget-image\" data-id=\"bf7eda6\" data-element_type=\"widget\" data-widget_type=\"image.default\">\n\t\t\t\t<div class=\"elementor-widget-container\">\n\t\t\t\t\t\t\t\t\t\t\t\t\t\t\t<img decoding=\"async\" src=\"https:\/\/prismin.fr\/wp-content\/uploads\/elementor\/thumbs\/Fichier-8-r5y604yvhkp6l66mwllpa1lmkq9k5a1gpx67tihrzy.png\" title=\"Fichier 8\" alt=\"shema de croissance avec une fl\u00e8che montante\" loading=\"lazy\" \/>\t\t\t\t\t\t\t\t\t\t\t\t\t\t\t<\/div>\n\t\t\t\t<\/div>\n\t\t\t\t<div class=\"elementor-element elementor-element-2e1c18c elementor-widget elementor-widget-text-editor\" data-id=\"2e1c18c\" data-element_type=\"widget\" data-widget_type=\"text-editor.default\">\n\t\t\t\t<div class=\"elementor-widget-container\">\n\t\t\t\t\t\t\t\t\t<p>Growth marketing<\/p>\t\t\t\t\t\t\t\t<\/div>\n\t\t\t\t<\/div>\n\t\t\t\t<div class=\"elementor-element elementor-element-fd5e5f1 elementor-widget elementor-widget-text-editor\" data-id=\"fd5e5f1\" data-element_type=\"widget\" data-widget_type=\"text-editor.default\">\n\t\t\t\t<div class=\"elementor-widget-container\">\n\t\t\t\t\t\t\t\t\t<p><strong data-start=\"870\" data-end=\"920\">Concrete actions to scale up.<\/strong><br data-start=\"920\" data-end=\"923\" \/>Our approach is driven by data, testing and rapid iteration. Our aim: to optimise every lever for sustainable growth.<\/p>\t\t\t\t\t\t\t\t<\/div>\n\t\t\t\t<\/div>\n\t\t\t\t<\/div>\n\t\t\t\t<div class=\"elementor-element elementor-element-1aa23e6 elementor-widget elementor-widget-image\" data-id=\"1aa23e6\" data-element_type=\"widget\" data-widget_type=\"image.default\">\n\t\t\t\t<div class=\"elementor-widget-container\">\n\t\t\t\t\t\t\t\t\t\t\t\t\t\t\t<img decoding=\"async\" src=\"https:\/\/prismin.fr\/wp-content\/uploads\/elementor\/thumbs\/IMG_20250518_174721_235-1-r5zxctnh027v2nq94suutneqytsv8bubntttk5s7zs.jpg\" title=\"IMG_20250518_174721_235\" alt=\"un homme filmant avec une cam\u00e9ra sur tr\u00e9pied\" loading=\"lazy\" \/>\t\t\t\t\t\t\t\t\t\t\t\t\t\t\t<\/div>\n\t\t\t\t<\/div>\n\t\t\t\t<\/div>\n\t\t<div class=\"elementor-element elementor-element-eaadce3 e-grid e-con-boxed wpr-particle-no wpr-jarallax-no wpr-parallax-no wpr-sticky-section-no e-con e-parent\" data-id=\"eaadce3\" data-element_type=\"container\" data-settings=\"{&quot;background_background&quot;:&quot;classic&quot;}\">\n\t\t\t\t\t<div class=\"e-con-inner\">\n\t\t\t\t<div class=\"elementor-element elementor-element-e793262 elementor-widget-divider--view-line elementor-widget elementor-widget-divider\" data-id=\"e793262\" data-element_type=\"widget\" data-widget_type=\"divider.default\">\n\t\t\t\t<div class=\"elementor-widget-container\">\n\t\t\t\t\t\t\t<div class=\"elementor-divider\">\n\t\t\t<span class=\"elementor-divider-separator\">\n\t\t\t\t\t\t<\/span>\n\t\t<\/div>\n\t\t\t\t\t\t<\/div>\n\t\t\t\t<\/div>\n\t\t\t\t\t<\/div>\n\t\t\t\t<\/div>\n\t\t<div class=\"elementor-element elementor-element-9f71dac e-grid e-con-full wpr-particle-no wpr-jarallax-no wpr-parallax-no wpr-sticky-section-no e-con e-parent\" data-id=\"9f71dac\" data-element_type=\"container\" data-settings=\"{&quot;background_background&quot;:&quot;classic&quot;}\">\n\t\t<div class=\"elementor-element elementor-element-7b5a33c e-con-full e-flex wpr-particle-no wpr-jarallax-no wpr-parallax-no wpr-sticky-section-no e-con e-child\" data-id=\"7b5a33c\" data-element_type=\"container\">\n\t\t\t\t<div class=\"elementor-element elementor-element-09e2fdf elementor-widget elementor-widget-heading\" data-id=\"09e2fdf\" data-element_type=\"widget\" data-widget_type=\"heading.default\">\n\t\t\t\t<div class=\"elementor-widget-container\">\n\t\t\t\t\t<h2 class=\"elementor-heading-title elementor-size-default\">How we work :<\/h2>\t\t\t\t<\/div>\n\t\t\t\t<\/div>\n\t\t\t\t<div class=\"elementor-element elementor-element-41ab1e8 elementor-widget__width-initial elementor-widget elementor-widget-text-editor\" data-id=\"41ab1e8\" data-element_type=\"widget\" data-widget_type=\"text-editor.default\">\n\t\t\t\t<div class=\"elementor-widget-container\">\n\t\t\t\t\t\t\t\t\t<p>Every project is different, but our method remains the same: <strong>simple, structured and effective.<\/strong><\/p>\t\t\t\t\t\t\t\t<\/div>\n\t\t\t\t<\/div>\n\t\t\t\t<\/div>\n\t\t\t\t<\/div>\n\t\t<div class=\"elementor-element elementor-element-6530842 e-grid e-con-full wpr-particle-no wpr-jarallax-no wpr-parallax-no wpr-sticky-section-no e-con e-parent\" data-id=\"6530842\" data-element_type=\"container\" data-settings=\"{&quot;background_background&quot;:&quot;classic&quot;}\">\n\t\t<div class=\"elementor-element elementor-element-d0e83dc e-con-full e-flex wpr-particle-no wpr-jarallax-no wpr-parallax-no wpr-sticky-section-no e-con e-child\" data-id=\"d0e83dc\" data-element_type=\"container\" data-settings=\"{&quot;background_background&quot;:&quot;classic&quot;}\">\n\t\t\t\t<div class=\"elementor-element elementor-element-2f79d10 elementor-widget__width-initial elementor-widget elementor-widget-text-editor\" data-id=\"2f79d10\" data-element_type=\"widget\" data-widget_type=\"text-editor.default\">\n\t\t\t\t<div class=\"elementor-widget-container\">\n\t\t\t\t\t\t\t\t\t<p>We understand what's at stake for you and draw up a clear roadmap.<\/p>\t\t\t\t\t\t\t\t<\/div>\n\t\t\t\t<\/div>\n\t\t\t\t<\/div>\n\t\t<div class=\"elementor-element elementor-element-9ab3396 e-con-full e-flex wpr-particle-no wpr-jarallax-no wpr-parallax-no wpr-sticky-section-no e-con e-child\" data-id=\"9ab3396\" data-element_type=\"container\" data-settings=\"{&quot;background_background&quot;:&quot;classic&quot;}\">\n\t\t\t\t<div class=\"elementor-element elementor-element-8d4fe53 elementor-widget__width-initial elementor-widget elementor-widget-text-editor\" data-id=\"8d4fe53\" data-element_type=\"widget\" data-widget_type=\"text-editor.default\">\n\t\t\t\t<div class=\"elementor-widget-container\">\n\t\t\t\t\t\t\t\t\t<p>We design and launch concrete actions, on the right channels.<\/p>\t\t\t\t\t\t\t\t<\/div>\n\t\t\t\t<\/div>\n\t\t\t\t<\/div>\n\t\t<div class=\"elementor-element elementor-element-d0c2fc8 e-con-full e-flex wpr-particle-no wpr-jarallax-no wpr-parallax-no wpr-sticky-section-no e-con e-child\" data-id=\"d0c2fc8\" data-element_type=\"container\" data-settings=\"{&quot;background_background&quot;:&quot;classic&quot;}\">\n\t\t\t\t<div class=\"elementor-element elementor-element-5f70f70 elementor-widget__width-initial elementor-widget elementor-widget-text-editor\" data-id=\"5f70f70\" data-element_type=\"widget\" data-widget_type=\"text-editor.default\">\n\t\t\t\t<div class=\"elementor-widget-container\">\n\t\t\t\t\t\t\t\t\t<p>We analyse the results and adjust to maximise the impact.<\/p>\t\t\t\t\t\t\t\t<\/div>\n\t\t\t\t<\/div>\n\t\t\t\t<\/div>\n\t\t\t\t<\/div>\n\t\t<div class=\"elementor-element elementor-element-dcc9127 e-grid e-con-full wpr-particle-no wpr-jarallax-no wpr-parallax-no wpr-sticky-section-no e-con e-parent\" data-id=\"dcc9127\" data-element_type=\"container\" data-settings=\"{&quot;background_background&quot;:&quot;classic&quot;}\">\n\t\t\t\t<div class=\"elementor-element elementor-element-a65c6ec elementor-align-center elementor-widget elementor-widget-button\" data-id=\"a65c6ec\" data-element_type=\"widget\" data-widget_type=\"button.default\">\n\t\t\t\t<div class=\"elementor-widget-container\">\n\t\t\t\t\t\t\t\t\t<div class=\"elementor-button-wrapper\">\n\t\t\t\t\t<a class=\"elementor-button elementor-button-link elementor-size-sm\" href=\"https:\/\/prismin.fr\/en\/contact\/\">\n\t\t\t\t\t\t<span class=\"elementor-button-content-wrapper\">\n\t\t\t\t\t\t\t\t\t<span class=\"elementor-button-text\">Make an appointment<\/span>\n\t\t\t\t\t<\/span>\n\t\t\t\t\t<\/a>\n\t\t\t\t<\/div>\n\t\t\t\t\t\t\t\t<\/div>\n\t\t\t\t<\/div>\n\t\t\t\t<\/div>\n\t\t\t\t<\/div>","protected":false},"excerpt":{"rendered":"<p>Nos services Communication 360 Une image de marque solide, sur tous les canaux.Identit\u00e9 visuelle, r\u00e9seaux sociaux, contenu, vid\u00e9os, print\u2026 On aligne tout pour que votre communication soit coh\u00e9rente, impactante et reconnaissable. Strat\u00e9gie d\u2019acquisition Attirez les bonnes personnes, au bon moment.On construit des strat\u00e9gies d\u2019acquisition pens\u00e9es pour convertir : publicit\u00e9, tunnel de vente, SEO, partenariats\u2026 Tout est orient\u00e9 r\u00e9sultats. Newsletters \/ email marketing Des emails qui engagent et qui vendent.Automatisations, newsletters, s\u00e9quences de lancement\u2026 On transforme votre liste email en canal de conversion stable et rentable. Marketing de croissance Des actions concr\u00e8tes pour passer \u00e0 l\u2019\u00e9chelle.Notre approche est guid\u00e9e par les donn\u00e9es, les tests, et l\u2019it\u00e9ration rapide. Objectif : optimiser chaque levier pour une croissance durable. Comment nous travaillons : Chaque projet est diff\u00e9rent, mais notre m\u00e9thode reste la m\u00eame : simple, structur\u00e9e, efficace. Nous comprenons vos enjeux et nous tra\u00e7ons une feuille de route claire. Nous concevons et lan\u00e7ons des actions concr\u00e8tes, sur les bons canaux. Nous analysons les r\u00e9sultats et nous ajustons pour maximiser l\u2019impact. Je prends rendez-vous<\/p>","protected":false},"author":1,"featured_media":0,"parent":0,"menu_order":0,"comment_status":"closed","ping_status":"closed","template":"","meta":{"footnotes":""},"class_list":["post-119","page","type-page","status-publish","hentry"],"yoast_head":"<!-- This site is optimized with the Yoast SEO plugin v25.1 - https:\/\/yoast.com\/wordpress\/plugins\/seo\/ -->\n<title>Services - Prism&#039;in<\/title>\n<meta name=\"description\" content=\"Nous vous pr\u00e9sentons les diff\u00e9rents services que propose notre agence mais \u00e9galement comment l&#039;agence Prism&#039;in travaille.\" \/>\n<meta name=\"robots\" content=\"index, follow, max-snippet:-1, max-image-preview:large, max-video-preview:-1\" \/>\n<link rel=\"canonical\" href=\"https:\/\/prismin.fr\/en\/services\/\" \/>\n<meta property=\"og:locale\" content=\"en_US\" \/>\n<meta property=\"og:type\" content=\"article\" \/>\n<meta property=\"og:title\" content=\"Services - Prism&#039;in\" \/>\n<meta property=\"og:description\" content=\"Nous vous pr\u00e9sentons les diff\u00e9rents services que propose notre agence mais \u00e9galement comment l&#039;agence Prism&#039;in travaille.\" \/>\n<meta property=\"og:url\" content=\"https:\/\/prismin.fr\/en\/services\/\" \/>\n<meta property=\"og:site_name\" content=\"Prism&#039;in\" \/>\n<meta property=\"article:publisher\" content=\"https:\/\/www.facebook.com\/profile.php?id=61574081186865&amp;locale=fr_FR\" \/>\n<meta property=\"article:modified_time\" content=\"2025-05-24T14:56:26+00:00\" \/>\n<meta property=\"og:image\" content=\"https:\/\/prismin.fr\/wp-content\/uploads\/elementor\/thumbs\/Fichier-7-r5y60411aqnw9k802372pju5zce6xkxqdsiqc8j666.png\" \/>\n<meta name=\"twitter:card\" content=\"summary_large_image\" \/>\n<meta name=\"twitter:label1\" content=\"Est. reading time\" \/>\n\t<meta name=\"twitter:data1\" content=\"3 minutes\" \/>\n<script type=\"application\/ld+json\" class=\"yoast-schema-graph\">{\"@context\":\"https:\/\/schema.org\",\"@graph\":[{\"@type\":\"WebPage\",\"@id\":\"https:\/\/prismin.fr\/services\/\",\"url\":\"https:\/\/prismin.fr\/services\/\",\"name\":\"Services - Prism&#039;in\",\"isPartOf\":{\"@id\":\"https:\/\/prismin.fr\/#website\"},\"primaryImageOfPage\":{\"@id\":\"https:\/\/prismin.fr\/services\/#primaryimage\"},\"image\":{\"@id\":\"https:\/\/prismin.fr\/services\/#primaryimage\"},\"thumbnailUrl\":\"https:\/\/prismin.fr\/wp-content\/uploads\/elementor\/thumbs\/Fichier-7-r5y60411aqnw9k802372pju5zce6xkxqdsiqc8j666.png\",\"datePublished\":\"2025-05-11T16:45:04+00:00\",\"dateModified\":\"2025-05-24T14:56:26+00:00\",\"description\":\"Nous vous pr\u00e9sentons les diff\u00e9rents services que propose notre agence mais \u00e9galement comment l'agence Prism'in travaille.\",\"breadcrumb\":{\"@id\":\"https:\/\/prismin.fr\/services\/#breadcrumb\"},\"inLanguage\":\"en-US\",\"potentialAction\":[{\"@type\":\"ReadAction\",\"target\":[\"https:\/\/prismin.fr\/services\/\"]}]},{\"@type\":\"ImageObject\",\"inLanguage\":\"en-US\",\"@id\":\"https:\/\/prismin.fr\/services\/#primaryimage\",\"url\":\"https:\/\/prismin.fr\/wp-content\/uploads\/elementor\/thumbs\/Fichier-7-r5y60411aqnw9k802372pju5zce6xkxqdsiqc8j666.png\",\"contentUrl\":\"https:\/\/prismin.fr\/wp-content\/uploads\/elementor\/thumbs\/Fichier-7-r5y60411aqnw9k802372pju5zce6xkxqdsiqc8j666.png\"},{\"@type\":\"BreadcrumbList\",\"@id\":\"https:\/\/prismin.fr\/services\/#breadcrumb\",\"itemListElement\":[{\"@type\":\"ListItem\",\"position\":1,\"name\":\"Accueil\",\"item\":\"https:\/\/prismin.fr\/\"},{\"@type\":\"ListItem\",\"position\":2,\"name\":\"Services\"}]},{\"@type\":\"WebSite\",\"@id\":\"https:\/\/prismin.fr\/#website\",\"url\":\"https:\/\/prismin.fr\/\",\"name\":\"Prism'in\",\"description\":\"\",\"publisher\":{\"@id\":\"https:\/\/prismin.fr\/#organization\"},\"potentialAction\":[{\"@type\":\"SearchAction\",\"target\":{\"@type\":\"EntryPoint\",\"urlTemplate\":\"https:\/\/prismin.fr\/?s={search_term_string}\"},\"query-input\":{\"@type\":\"PropertyValueSpecification\",\"valueRequired\":true,\"valueName\":\"search_term_string\"}}],\"inLanguage\":\"en-US\"},{\"@type\":\"Organization\",\"@id\":\"https:\/\/prismin.fr\/#organization\",\"name\":\"Prism'in\",\"url\":\"https:\/\/prismin.fr\/\",\"logo\":{\"@type\":\"ImageObject\",\"inLanguage\":\"en-US\",\"@id\":\"https:\/\/prismin.fr\/#\/schema\/logo\/image\/\",\"url\":\"https:\/\/prismin.fr\/wp-content\/uploads\/2025\/05\/Fichier-1.png\",\"contentUrl\":\"https:\/\/prismin.fr\/wp-content\/uploads\/2025\/05\/Fichier-1.png\",\"width\":687,\"height\":688,\"caption\":\"Prism'in\"},\"image\":{\"@id\":\"https:\/\/prismin.fr\/#\/schema\/logo\/image\/\"},\"sameAs\":[\"https:\/\/www.facebook.com\/profile.php?id=61574081186865&locale=fr_FR\",\"https:\/\/www.instagram.com\/prismin.officiel\/\",\"https:\/\/www.linkedin.com\/company\/prism-in_officiel\/\"]}]}<\/script>\n<!-- \/ Yoast SEO plugin. -->","yoast_head_json":{"title":"Services - Prism&#039;in","description":"Nous vous pr\u00e9sentons les diff\u00e9rents services que propose notre agence mais \u00e9galement comment l'agence Prism'in travaille.","robots":{"index":"index","follow":"follow","max-snippet":"max-snippet:-1","max-image-preview":"max-image-preview:large","max-video-preview":"max-video-preview:-1"},"canonical":"https:\/\/prismin.fr\/en\/services\/","og_locale":"en_US","og_type":"article","og_title":"Services - Prism&#039;in","og_description":"Nous vous pr\u00e9sentons les diff\u00e9rents services que propose notre agence mais \u00e9galement comment l'agence Prism'in travaille.","og_url":"https:\/\/prismin.fr\/en\/services\/","og_site_name":"Prism&#039;in","article_publisher":"https:\/\/www.facebook.com\/profile.php?id=61574081186865&locale=fr_FR","article_modified_time":"2025-05-24T14:56:26+00:00","og_image":[{"url":"https:\/\/prismin.fr\/wp-content\/uploads\/elementor\/thumbs\/Fichier-7-r5y60411aqnw9k802372pju5zce6xkxqdsiqc8j666.png","type":"","width":"","height":""}],"twitter_card":"summary_large_image","twitter_misc":{"Est. reading time":"3 minutes"},"schema":{"@context":"https:\/\/schema.org","@graph":[{"@type":"WebPage","@id":"https:\/\/prismin.fr\/services\/","url":"https:\/\/prismin.fr\/services\/","name":"Services - Prism&#039;in","isPartOf":{"@id":"https:\/\/prismin.fr\/#website"},"primaryImageOfPage":{"@id":"https:\/\/prismin.fr\/services\/#primaryimage"},"image":{"@id":"https:\/\/prismin.fr\/services\/#primaryimage"},"thumbnailUrl":"https:\/\/prismin.fr\/wp-content\/uploads\/elementor\/thumbs\/Fichier-7-r5y60411aqnw9k802372pju5zce6xkxqdsiqc8j666.png","datePublished":"2025-05-11T16:45:04+00:00","dateModified":"2025-05-24T14:56:26+00:00","description":"Nous vous pr\u00e9sentons les diff\u00e9rents services que propose notre agence mais \u00e9galement comment l'agence Prism'in travaille.","breadcrumb":{"@id":"https:\/\/prismin.fr\/services\/#breadcrumb"},"inLanguage":"en-US","potentialAction":[{"@type":"ReadAction","target":["https:\/\/prismin.fr\/services\/"]}]},{"@type":"ImageObject","inLanguage":"en-US","@id":"https:\/\/prismin.fr\/services\/#primaryimage","url":"https:\/\/prismin.fr\/wp-content\/uploads\/elementor\/thumbs\/Fichier-7-r5y60411aqnw9k802372pju5zce6xkxqdsiqc8j666.png","contentUrl":"https:\/\/prismin.fr\/wp-content\/uploads\/elementor\/thumbs\/Fichier-7-r5y60411aqnw9k802372pju5zce6xkxqdsiqc8j666.png"},{"@type":"BreadcrumbList","@id":"https:\/\/prismin.fr\/services\/#breadcrumb","itemListElement":[{"@type":"ListItem","position":1,"name":"Accueil","item":"https:\/\/prismin.fr\/"},{"@type":"ListItem","position":2,"name":"Services"}]},{"@type":"WebSite","@id":"https:\/\/prismin.fr\/#website","url":"https:\/\/prismin.fr\/","name":"Prism'in","description":"","publisher":{"@id":"https:\/\/prismin.fr\/#organization"},"potentialAction":[{"@type":"SearchAction","target":{"@type":"EntryPoint","urlTemplate":"https:\/\/prismin.fr\/?s={search_term_string}"},"query-input":{"@type":"PropertyValueSpecification","valueRequired":true,"valueName":"search_term_string"}}],"inLanguage":"en-US"},{"@type":"Organization","@id":"https:\/\/prismin.fr\/#organization","name":"Prism'in","url":"https:\/\/prismin.fr\/","logo":{"@type":"ImageObject","inLanguage":"en-US","@id":"https:\/\/prismin.fr\/#\/schema\/logo\/image\/","url":"https:\/\/prismin.fr\/wp-content\/uploads\/2025\/05\/Fichier-1.png","contentUrl":"https:\/\/prismin.fr\/wp-content\/uploads\/2025\/05\/Fichier-1.png","width":687,"height":688,"caption":"Prism'in"},"image":{"@id":"https:\/\/prismin.fr\/#\/schema\/logo\/image\/"},"sameAs":["https:\/\/www.facebook.com\/profile.php?id=61574081186865&locale=fr_FR","https:\/\/www.instagram.com\/prismin.officiel\/","https:\/\/www.linkedin.com\/company\/prism-in_officiel\/"]}]}},"_links":{"self":[{"href":"https:\/\/prismin.fr\/en\/wp-json\/wp\/v2\/pages\/119","targetHints":{"allow":["GET"]}}],"collection":[{"href":"https:\/\/prismin.fr\/en\/wp-json\/wp\/v2\/pages"}],"about":[{"href":"https:\/\/prismin.fr\/en\/wp-json\/wp\/v2\/types\/page"}],"author":[{"embeddable":true,"href":"https:\/\/prismin.fr\/en\/wp-json\/wp\/v2\/users\/1"}],"replies":[{"embeddable":true,"href":"https:\/\/prismin.fr\/en\/wp-json\/wp\/v2\/comments?post=119"}],"version-history":[{"count":122,"href":"https:\/\/prismin.fr\/en\/wp-json\/wp\/v2\/pages\/119\/revisions"}],"predecessor-version":[{"id":1299,"href":"https:\/\/prismin.fr\/en\/wp-json\/wp\/v2\/pages\/119\/revisions\/1299"}],"wp:attachment":[{"href":"https:\/\/prismin.fr\/en\/wp-json\/wp\/v2\/media?parent=119"}],"curies":[{"name":"wp","href":"https:\/\/api.w.org\/{rel}","templated":true}]}}