{"id":230,"date":"2025-05-11T21:50:23","date_gmt":"2025-05-11T21:50:23","guid":{"rendered":"https:\/\/prismin.fr\/?page_id=230"},"modified":"2025-05-24T14:55:57","modified_gmt":"2025-05-24T14:55:57","slug":"realisations","status":"publish","type":"page","link":"https:\/\/prismin.fr\/en\/realisations\/","title":{"rendered":"Projects"},"content":{"rendered":"<div data-elementor-type=\"wp-page\" data-elementor-id=\"230\" class=\"elementor elementor-230\">\n\t\t\t\t<div class=\"elementor-element elementor-element-ea5398a e-flex e-con-boxed wpr-particle-no wpr-jarallax-no wpr-parallax-no wpr-sticky-section-no e-con e-parent\" data-id=\"ea5398a\" data-element_type=\"container\" data-settings=\"{&quot;background_background&quot;:&quot;classic&quot;}\">\n\t\t\t\t\t<div class=\"e-con-inner\">\n\t\t\t\t<div class=\"elementor-element elementor-element-6a1811d elementor-widget elementor-widget-heading\" data-id=\"6a1811d\" data-element_type=\"widget\" data-widget_type=\"heading.default\">\n\t\t\t\t<div class=\"elementor-widget-container\">\n\t\t\t\t\t<h2 class=\"elementor-heading-title elementor-size-default\">Projects<\/h2>\t\t\t\t<\/div>\n\t\t\t\t<\/div>\n\t\t\t\t<div class=\"elementor-element elementor-element-19bbd65 elementor-widget-divider--view-line elementor-widget elementor-widget-divider\" data-id=\"19bbd65\" data-element_type=\"widget\" data-widget_type=\"divider.default\">\n\t\t\t\t<div class=\"elementor-widget-container\">\n\t\t\t\t\t\t\t<div class=\"elementor-divider\">\n\t\t\t<span class=\"elementor-divider-separator\">\n\t\t\t\t\t\t<\/span>\n\t\t<\/div>\n\t\t\t\t\t\t<\/div>\n\t\t\t\t<\/div>\n\t\t\t\t\t<\/div>\n\t\t\t\t<\/div>\n\t\t<div class=\"elementor-element elementor-element-d0d4b5c e-grid e-con-full wpr-particle-no wpr-jarallax-no wpr-parallax-no wpr-sticky-section-no e-con e-parent\" data-id=\"d0d4b5c\" data-element_type=\"container\" data-settings=\"{&quot;background_background&quot;:&quot;classic&quot;}\">\n\t\t\t\t<div class=\"elementor-element elementor-element-ebed399 elementor-widget elementor-widget-heading\" data-id=\"ebed399\" data-element_type=\"widget\" data-widget_type=\"heading.default\">\n\t\t\t\t<div class=\"elementor-widget-container\">\n\t\t\t\t\t<h2 class=\"elementor-heading-title elementor-size-default\">Our posters<\/h2>\t\t\t\t<\/div>\n\t\t\t\t<\/div>\n\t\t\t\t<\/div>\n\t\t<div class=\"elementor-element elementor-element-49e2363 e-grid e-con-full wpr-particle-no wpr-jarallax-no wpr-parallax-no wpr-sticky-section-no e-con e-parent\" data-id=\"49e2363\" data-element_type=\"container\" data-settings=\"{&quot;background_background&quot;:&quot;classic&quot;}\">\n\t\t\t\t<div class=\"elementor-element elementor-element-2ab1669 elementor-widget elementor-widget-image\" data-id=\"2ab1669\" data-element_type=\"widget\" data-widget_type=\"image.default\">\n\t\t\t\t<div class=\"elementor-widget-container\">\n\t\t\t\t\t\t\t\t\t\t\t\t\t\t\t<img fetchpriority=\"high\" decoding=\"async\" width=\"800\" height=\"566\" src=\"https:\/\/prismin.fr\/wp-content\/uploads\/2025\/05\/Design-sans-titre-4-1024x724.png\" class=\"attachment-large size-large wp-image-987\" alt=\"deux affiches pour un escape game avec un marron au centre\" srcset=\"https:\/\/prismin.fr\/wp-content\/uploads\/2025\/05\/Design-sans-titre-4-1024x724.png 1024w, https:\/\/prismin.fr\/wp-content\/uploads\/2025\/05\/Design-sans-titre-4-300x212.png 300w, https:\/\/prismin.fr\/wp-content\/uploads\/2025\/05\/Design-sans-titre-4-768x543.png 768w, https:\/\/prismin.fr\/wp-content\/uploads\/2025\/05\/Design-sans-titre-4-1536x1086.png 1536w, https:\/\/prismin.fr\/wp-content\/uploads\/2025\/05\/Design-sans-titre-4.png 2000w\" sizes=\"(max-width: 800px) 100vw, 800px\" \/>\t\t\t\t\t\t\t\t\t\t\t\t\t\t\t<\/div>\n\t\t\t\t<\/div>\n\t\t\t\t<div class=\"elementor-element elementor-element-4e1986e elementor-widget elementor-widget-text-editor\" data-id=\"4e1986e\" data-element_type=\"widget\" data-widget_type=\"text-editor.default\">\n\t\t\t\t<div class=\"elementor-widget-container\">\n\t\t\t\t\t\t\t\t\t<p class=\"\" data-start=\"177\" data-end=\"405\"><strong data-start=\"177\" data-end=\"221\">\ud83d\uddbc\ufe0f Eye-catching posters<\/strong><br data-start=\"221\" data-end=\"224\" \/>At Prism'in, every poster is designed to make an immediate impact. Striking design, strong typography and visual storytelling: nothing is left to chance.<\/p><p class=\"\" data-start=\"407\" data-end=\"607\"><strong data-start=\"407\" data-end=\"453\">\ud83d\udd25 Creativity for your events<\/strong><br data-start=\"453\" data-end=\"456\" \/>Que ce soit pour un escape game, un concert ou une soir\u00e9e d\u2019entreprise, nos affiches donnent vie \u00e0 votre \u00e9v\u00e9nement et suscitent l\u2019envie d\u2019y participer.<\/p><p class=\"\" data-start=\"609\" data-end=\"836\"><strong data-start=\"609\" data-end=\"639\">\ud83d\udccdLocal impact, pro vision<\/strong><br data-start=\"639\" data-end=\"642\" \/>Designed for strategic locations such as universities or cultural centres, our creations combine visual effectiveness with local roots. Your key information stands out, as does your identity.<\/p>\t\t\t\t\t\t\t\t<\/div>\n\t\t\t\t<\/div>\n\t\t\t\t<\/div>\n\t\t<div class=\"elementor-element elementor-element-97384e3 e-grid e-con-full wpr-particle-no wpr-jarallax-no wpr-parallax-no wpr-sticky-section-no e-con e-parent\" data-id=\"97384e3\" data-element_type=\"container\" data-settings=\"{&quot;background_background&quot;:&quot;classic&quot;}\">\n\t\t\t\t<div class=\"elementor-element elementor-element-ae0e05f elementor-widget elementor-widget-heading\" data-id=\"ae0e05f\" data-element_type=\"widget\" data-widget_type=\"heading.default\">\n\t\t\t\t<div class=\"elementor-widget-container\">\n\t\t\t\t\t<h2 class=\"elementor-heading-title elementor-size-default\">Publications on social networks<\/h2>\t\t\t\t<\/div>\n\t\t\t\t<\/div>\n\t\t\t\t<\/div>\n\t\t<div class=\"elementor-element elementor-element-00c7078 e-grid e-con-full wpr-particle-no wpr-jarallax-no wpr-parallax-no wpr-sticky-section-no e-con e-parent\" data-id=\"00c7078\" data-element_type=\"container\" data-settings=\"{&quot;background_background&quot;:&quot;classic&quot;}\">\n\t\t\t\t<div class=\"elementor-element elementor-element-633f441 elementor-widget elementor-widget-text-editor\" data-id=\"633f441\" data-element_type=\"widget\" data-widget_type=\"text-editor.default\">\n\t\t\t\t<div class=\"elementor-widget-container\">\n\t\t\t\t\t\t\t\t\t<p class=\"\" data-start=\"143\" data-end=\"330\"><strong data-start=\"143\" data-end=\"189\">\ud83d\udcf1 Visuals that don't scroll unnoticed<\/strong><br data-start=\"189\" data-end=\"192\" \/>At Prism'in, every post is designed to stop you in your tracks. A strong design, a clear message, and an aesthetic that reflects your world.<\/p><p class=\"\" data-start=\"332\" data-end=\"518\"><strong data-start=\"332\" data-end=\"377\">\ud83d\udce2 Content that engages your community<\/strong><br data-start=\"377\" data-end=\"380\" \/>Our publications don't just look good: they speak to your audience, generate reactions and boost your visibility.<\/p><p class=\"\" data-start=\"520\" data-end=\"729\"><strong data-start=\"520\" data-end=\"549\">\ud83c\udfaf Formatted to perform<\/strong><br data-start=\"549\" data-end=\"552\" \/>Stories, reels, carousels or static publications: each format is optimised for the platforms you use, with consistent graphics and a real eye for detail.<\/p>\t\t\t\t\t\t\t\t<\/div>\n\t\t\t\t<\/div>\n\t\t\t\t<div class=\"elementor-element elementor-element-6d62ad5 elementor-widget elementor-widget-image\" data-id=\"6d62ad5\" data-element_type=\"widget\" data-widget_type=\"image.default\">\n\t\t\t\t<div class=\"elementor-widget-container\">\n\t\t\t\t\t\t\t\t\t\t\t\t\t\t\t<img decoding=\"async\" src=\"https:\/\/prismin.fr\/wp-content\/uploads\/elementor\/thumbs\/Design-sans-titre-5-r5yqlff01dcflmp3mwqeqndjy5znx80xw9sxbciw7c.png\" title=\"Design sans titre (5)\" alt=\"un affiche un logo de HTV Basket et le Logo de Prism&#039;in\" loading=\"lazy\" \/>\t\t\t\t\t\t\t\t\t\t\t\t\t\t\t<\/div>\n\t\t\t\t<\/div>\n\t\t\t\t<\/div>\n\t\t<div class=\"elementor-element elementor-element-93f093f e-grid e-con-full wpr-particle-no wpr-jarallax-no wpr-parallax-no wpr-sticky-section-no e-con e-parent\" data-id=\"93f093f\" data-element_type=\"container\" data-settings=\"{&quot;background_background&quot;:&quot;classic&quot;}\">\n\t\t\t\t<div class=\"elementor-element elementor-element-459dccd elementor-widget elementor-widget-heading\" data-id=\"459dccd\" data-element_type=\"widget\" data-widget_type=\"heading.default\">\n\t\t\t\t<div class=\"elementor-widget-container\">\n\t\t\t\t\t<h2 class=\"elementor-heading-title elementor-size-default\">The teaser<\/h2>\t\t\t\t<\/div>\n\t\t\t\t<\/div>\n\t\t\t\t<\/div>\n\t\t<div class=\"elementor-element elementor-element-7291ac2 e-grid e-con-full wpr-particle-no wpr-jarallax-no wpr-parallax-no wpr-sticky-section-no e-con e-parent\" data-id=\"7291ac2\" data-element_type=\"container\" data-settings=\"{&quot;background_background&quot;:&quot;classic&quot;}\">\n\t\t\t\t<div class=\"elementor-element elementor-element-95e31ca elementor-widget elementor-widget-image\" data-id=\"95e31ca\" data-element_type=\"widget\" data-widget_type=\"image.default\">\n\t\t\t\t<div class=\"elementor-widget-container\">\n\t\t\t\t\t\t\t\t\t\t\t\t\t\t\t<img decoding=\"async\" width=\"800\" height=\"450\" src=\"https:\/\/prismin.fr\/wp-content\/uploads\/2025\/05\/Minia_teaser_v2-1024x576.jpg\" class=\"attachment-large size-large wp-image-1228\" alt=\"Une main tenant une brique en noir et blanc\" srcset=\"https:\/\/prismin.fr\/wp-content\/uploads\/2025\/05\/Minia_teaser_v2-1024x576.jpg 1024w, https:\/\/prismin.fr\/wp-content\/uploads\/2025\/05\/Minia_teaser_v2-300x169.jpg 300w, https:\/\/prismin.fr\/wp-content\/uploads\/2025\/05\/Minia_teaser_v2-768x432.jpg 768w, https:\/\/prismin.fr\/wp-content\/uploads\/2025\/05\/Minia_teaser_v2.jpg 1280w\" sizes=\"(max-width: 800px) 100vw, 800px\" \/>\t\t\t\t\t\t\t\t\t\t\t\t\t\t\t<\/div>\n\t\t\t\t<\/div>\n\t\t\t\t<div class=\"elementor-element elementor-element-8517016 elementor-widget elementor-widget-text-editor\" data-id=\"8517016\" data-element_type=\"widget\" data-widget_type=\"text-editor.default\">\n\t\t\t\t<div class=\"elementor-widget-container\">\n\t\t\t\t\t\t\t\t\t<p class=\"\" data-start=\"0\" data-end=\"226\">\ud83c\udfac <strong>A teaser that says a lot without showing everything<\/strong><br data-start=\"46\" data-end=\"49\" \/>At Prism'in, we take care of the hook from the very first second. With a punchy rhythm, striking images and visual storytelling, your message grabs attention and stays with you.<\/p><p class=\"\" data-start=\"228\" data-end=\"438\">\u2728 <strong>Immerse yourself in your world<\/strong><br data-start=\"262\" data-end=\"265\" \/>It's not just a video, it's an experience. We bring your identity to life with a creative eye, so that every shot tells your story and reflects your values.<\/p><p class=\"\" data-start=\"440\" data-end=\"677\">\ud83d\ude80 <strong>Made for screens and engagement<\/strong><br data-start=\"481\" data-end=\"484\" \/>Whether it's for networks, a product launch or an advertising campaign, our teasers are designed to perform: adapted formats, dynamic editing and a look that makes you want to see more.<\/p>\t\t\t\t\t\t\t\t<\/div>\n\t\t\t\t<\/div>\n\t\t\t\t<\/div>\n\t\t<div class=\"elementor-element elementor-element-54f9b8b e-grid e-con-boxed wpr-particle-no wpr-jarallax-no wpr-parallax-no wpr-sticky-section-no e-con e-parent\" data-id=\"54f9b8b\" data-element_type=\"container\" data-settings=\"{&quot;background_background&quot;:&quot;classic&quot;}\">\n\t\t\t\t\t<div class=\"e-con-inner\">\n\t\t\t\t<div class=\"elementor-element elementor-element-1e21d33 elementor-align-center elementor-widget elementor-widget-button\" data-id=\"1e21d33\" data-element_type=\"widget\" data-widget_type=\"button.default\">\n\t\t\t\t<div class=\"elementor-widget-container\">\n\t\t\t\t\t\t\t\t\t<div class=\"elementor-button-wrapper\">\n\t\t\t\t\t<a class=\"elementor-button elementor-button-link elementor-size-sm\" href=\"https:\/\/prismin.fr\/en\/contact\/\">\n\t\t\t\t\t\t<span class=\"elementor-button-content-wrapper\">\n\t\t\t\t\t\t\t\t\t<span class=\"elementor-button-text\">Make an appointment<\/span>\n\t\t\t\t\t<\/span>\n\t\t\t\t\t<\/a>\n\t\t\t\t<\/div>\n\t\t\t\t\t\t\t\t<\/div>\n\t\t\t\t<\/div>\n\t\t\t\t\t<\/div>\n\t\t\t\t<\/div>\n\t\t\t\t<\/div>","protected":false},"excerpt":{"rendered":"<p>R\u00e9alisations Nos affiches \ud83d\uddbc\ufe0f Des affiches qui captent l\u2019attentionChez Prism&rsquo;in, chaque affiche est con\u00e7ue pour marquer les esprits d\u00e8s le premier regard. Design percutant, typographies fortes, et storytelling visuel : rien n\u2019est laiss\u00e9 au hasard. \ud83d\udd25 Cr\u00e9ativit\u00e9 au service de vos \u00e9v\u00e9nementsQue ce soit pour un escape game, un concert ou une soir\u00e9e d\u2019entreprise, nos affiches donnent vie \u00e0 votre \u00e9v\u00e9nement et suscitent l\u2019envie d\u2019y participer. \ud83d\udccdImpact local, vision proImagin\u00e9es pour des lieux strat\u00e9giques comme les universit\u00e9s ou les centres culturels, nos cr\u00e9ations allient efficacit\u00e9 visuelle et ancrage local. Vos infos cl\u00e9s ressortent, votre identit\u00e9 aussi. Publications sur les r\u00e9seaux sociaux \ud83d\udcf1 Des visuels qui scrollent pas inaper\u00e7usChez Prism\u2019in, chaque post est pens\u00e9 pour arr\u00eater le pouce. Un design fort, un message clair, et une esth\u00e9tique qui refl\u00e8te votre univers. \ud83d\udce2 Un contenu qui engage votre communaut\u00e9Nos publications ne se contentent pas d\u2019\u00eatre jolies : elles parlent \u00e0 votre audience, g\u00e9n\u00e8rent des r\u00e9actions et boostent votre visibilit\u00e9. \ud83c\udfaf Format\u00e9 pour performerStories, reels, carrousels ou publications statiques : chaque format est optimis\u00e9 pour les plateformes que vous utilisez, avec une coh\u00e9rence graphique et un vrai sens du d\u00e9tail. Le teaser \ud83c\udfac Un teaser qui en dit long sans tout montrerChez Prism\u2019in, on soigne l\u2019accroche d\u00e8s la premi\u00e8re seconde. Rythme percutant, images marquantes, et storytelling visuel : votre message capte l\u2019attention et reste en m\u00e9moire. \u2728 Une immersion dans votre universCe n\u2019est pas juste une vid\u00e9o, c\u2019est une exp\u00e9rience. On met en sc\u00e8ne votre identit\u00e9 avec un \u0153il cr\u00e9atif, pour que chaque plan raconte votre histoire et refl\u00e8te vos valeurs. \ud83d\ude80 Taill\u00e9 pour les \u00e9crans et l\u2019engagementQue ce soit pour les r\u00e9seaux, un lancement produit ou une campagne pub, nos teasers sont pens\u00e9s pour performer : formats adapt\u00e9s, montages dynamiques et un rendu qui donne envie d\u2019en voir plus. Je prends rendez-vous<\/p>","protected":false},"author":1,"featured_media":0,"parent":0,"menu_order":0,"comment_status":"closed","ping_status":"closed","template":"","meta":{"footnotes":""},"class_list":["post-230","page","type-page","status-publish","hentry"],"yoast_head":"<!-- This site is optimized with the Yoast SEO plugin v25.1 - https:\/\/yoast.com\/wordpress\/plugins\/seo\/ -->\n<title>R\u00e9alisations - Prism&#039;in<\/title>\n<meta name=\"description\" content=\"D\u00e9couvrez les diff\u00e9rentes r\u00e9alisations que notre agence a pu r\u00e9aliser. Un indicatif de ce que nous pourrions apporter \u00e0 votre entreprise.\" \/>\n<meta name=\"robots\" content=\"index, follow, max-snippet:-1, max-image-preview:large, max-video-preview:-1\" \/>\n<link rel=\"canonical\" href=\"https:\/\/prismin.fr\/en\/realisations\/\" \/>\n<meta property=\"og:locale\" content=\"en_US\" \/>\n<meta property=\"og:type\" content=\"article\" \/>\n<meta property=\"og:title\" content=\"R\u00e9alisations - Prism&#039;in\" \/>\n<meta property=\"og:description\" content=\"D\u00e9couvrez les diff\u00e9rentes r\u00e9alisations que notre agence a pu r\u00e9aliser. Un indicatif de ce que nous pourrions apporter \u00e0 votre entreprise.\" \/>\n<meta property=\"og:url\" content=\"https:\/\/prismin.fr\/en\/realisations\/\" \/>\n<meta property=\"og:site_name\" content=\"Prism&#039;in\" \/>\n<meta property=\"article:publisher\" content=\"https:\/\/www.facebook.com\/profile.php?id=61574081186865&amp;locale=fr_FR\" \/>\n<meta property=\"article:modified_time\" content=\"2025-05-24T14:55:57+00:00\" \/>\n<meta property=\"og:image\" content=\"https:\/\/prismin.fr\/wp-content\/uploads\/2025\/05\/Design-sans-titre-4-1024x724.png\" \/>\n<meta name=\"twitter:card\" content=\"summary_large_image\" \/>\n<meta name=\"twitter:label1\" content=\"Est. reading time\" \/>\n\t<meta name=\"twitter:data1\" content=\"3 minutes\" \/>\n<script type=\"application\/ld+json\" class=\"yoast-schema-graph\">{\"@context\":\"https:\/\/schema.org\",\"@graph\":[{\"@type\":\"WebPage\",\"@id\":\"https:\/\/prismin.fr\/realisations\/\",\"url\":\"https:\/\/prismin.fr\/realisations\/\",\"name\":\"R\u00e9alisations - Prism&#039;in\",\"isPartOf\":{\"@id\":\"https:\/\/prismin.fr\/#website\"},\"primaryImageOfPage\":{\"@id\":\"https:\/\/prismin.fr\/realisations\/#primaryimage\"},\"image\":{\"@id\":\"https:\/\/prismin.fr\/realisations\/#primaryimage\"},\"thumbnailUrl\":\"https:\/\/prismin.fr\/wp-content\/uploads\/2025\/05\/Design-sans-titre-4-1024x724.png\",\"datePublished\":\"2025-05-11T21:50:23+00:00\",\"dateModified\":\"2025-05-24T14:55:57+00:00\",\"description\":\"D\u00e9couvrez les diff\u00e9rentes r\u00e9alisations que notre agence a pu r\u00e9aliser. Un indicatif de ce que nous pourrions apporter \u00e0 votre entreprise.\",\"breadcrumb\":{\"@id\":\"https:\/\/prismin.fr\/realisations\/#breadcrumb\"},\"inLanguage\":\"en-US\",\"potentialAction\":[{\"@type\":\"ReadAction\",\"target\":[\"https:\/\/prismin.fr\/realisations\/\"]}]},{\"@type\":\"ImageObject\",\"inLanguage\":\"en-US\",\"@id\":\"https:\/\/prismin.fr\/realisations\/#primaryimage\",\"url\":\"https:\/\/prismin.fr\/wp-content\/uploads\/2025\/05\/Design-sans-titre-4-1024x724.png\",\"contentUrl\":\"https:\/\/prismin.fr\/wp-content\/uploads\/2025\/05\/Design-sans-titre-4-1024x724.png\"},{\"@type\":\"BreadcrumbList\",\"@id\":\"https:\/\/prismin.fr\/realisations\/#breadcrumb\",\"itemListElement\":[{\"@type\":\"ListItem\",\"position\":1,\"name\":\"Accueil\",\"item\":\"https:\/\/prismin.fr\/\"},{\"@type\":\"ListItem\",\"position\":2,\"name\":\"R\u00e9alisations\"}]},{\"@type\":\"WebSite\",\"@id\":\"https:\/\/prismin.fr\/#website\",\"url\":\"https:\/\/prismin.fr\/\",\"name\":\"Prism'in\",\"description\":\"\",\"publisher\":{\"@id\":\"https:\/\/prismin.fr\/#organization\"},\"potentialAction\":[{\"@type\":\"SearchAction\",\"target\":{\"@type\":\"EntryPoint\",\"urlTemplate\":\"https:\/\/prismin.fr\/?s={search_term_string}\"},\"query-input\":{\"@type\":\"PropertyValueSpecification\",\"valueRequired\":true,\"valueName\":\"search_term_string\"}}],\"inLanguage\":\"en-US\"},{\"@type\":\"Organization\",\"@id\":\"https:\/\/prismin.fr\/#organization\",\"name\":\"Prism'in\",\"url\":\"https:\/\/prismin.fr\/\",\"logo\":{\"@type\":\"ImageObject\",\"inLanguage\":\"en-US\",\"@id\":\"https:\/\/prismin.fr\/#\/schema\/logo\/image\/\",\"url\":\"https:\/\/prismin.fr\/wp-content\/uploads\/2025\/05\/Fichier-1.png\",\"contentUrl\":\"https:\/\/prismin.fr\/wp-content\/uploads\/2025\/05\/Fichier-1.png\",\"width\":687,\"height\":688,\"caption\":\"Prism'in\"},\"image\":{\"@id\":\"https:\/\/prismin.fr\/#\/schema\/logo\/image\/\"},\"sameAs\":[\"https:\/\/www.facebook.com\/profile.php?id=61574081186865&locale=fr_FR\",\"https:\/\/www.instagram.com\/prismin.officiel\/\",\"https:\/\/www.linkedin.com\/company\/prism-in_officiel\/\"]}]}<\/script>\n<!-- \/ Yoast SEO plugin. -->","yoast_head_json":{"title":"R\u00e9alisations - Prism&#039;in","description":"D\u00e9couvrez les diff\u00e9rentes r\u00e9alisations que notre agence a pu r\u00e9aliser. Un indicatif de ce que nous pourrions apporter \u00e0 votre entreprise.","robots":{"index":"index","follow":"follow","max-snippet":"max-snippet:-1","max-image-preview":"max-image-preview:large","max-video-preview":"max-video-preview:-1"},"canonical":"https:\/\/prismin.fr\/en\/realisations\/","og_locale":"en_US","og_type":"article","og_title":"R\u00e9alisations - Prism&#039;in","og_description":"D\u00e9couvrez les diff\u00e9rentes r\u00e9alisations que notre agence a pu r\u00e9aliser. Un indicatif de ce que nous pourrions apporter \u00e0 votre entreprise.","og_url":"https:\/\/prismin.fr\/en\/realisations\/","og_site_name":"Prism&#039;in","article_publisher":"https:\/\/www.facebook.com\/profile.php?id=61574081186865&locale=fr_FR","article_modified_time":"2025-05-24T14:55:57+00:00","og_image":[{"url":"https:\/\/prismin.fr\/wp-content\/uploads\/2025\/05\/Design-sans-titre-4-1024x724.png","type":"","width":"","height":""}],"twitter_card":"summary_large_image","twitter_misc":{"Est. reading time":"3 minutes"},"schema":{"@context":"https:\/\/schema.org","@graph":[{"@type":"WebPage","@id":"https:\/\/prismin.fr\/realisations\/","url":"https:\/\/prismin.fr\/realisations\/","name":"R\u00e9alisations - Prism&#039;in","isPartOf":{"@id":"https:\/\/prismin.fr\/#website"},"primaryImageOfPage":{"@id":"https:\/\/prismin.fr\/realisations\/#primaryimage"},"image":{"@id":"https:\/\/prismin.fr\/realisations\/#primaryimage"},"thumbnailUrl":"https:\/\/prismin.fr\/wp-content\/uploads\/2025\/05\/Design-sans-titre-4-1024x724.png","datePublished":"2025-05-11T21:50:23+00:00","dateModified":"2025-05-24T14:55:57+00:00","description":"D\u00e9couvrez les diff\u00e9rentes r\u00e9alisations que notre agence a pu r\u00e9aliser. Un indicatif de ce que nous pourrions apporter \u00e0 votre entreprise.","breadcrumb":{"@id":"https:\/\/prismin.fr\/realisations\/#breadcrumb"},"inLanguage":"en-US","potentialAction":[{"@type":"ReadAction","target":["https:\/\/prismin.fr\/realisations\/"]}]},{"@type":"ImageObject","inLanguage":"en-US","@id":"https:\/\/prismin.fr\/realisations\/#primaryimage","url":"https:\/\/prismin.fr\/wp-content\/uploads\/2025\/05\/Design-sans-titre-4-1024x724.png","contentUrl":"https:\/\/prismin.fr\/wp-content\/uploads\/2025\/05\/Design-sans-titre-4-1024x724.png"},{"@type":"BreadcrumbList","@id":"https:\/\/prismin.fr\/realisations\/#breadcrumb","itemListElement":[{"@type":"ListItem","position":1,"name":"Accueil","item":"https:\/\/prismin.fr\/"},{"@type":"ListItem","position":2,"name":"R\u00e9alisations"}]},{"@type":"WebSite","@id":"https:\/\/prismin.fr\/#website","url":"https:\/\/prismin.fr\/","name":"Prism'in","description":"","publisher":{"@id":"https:\/\/prismin.fr\/#organization"},"potentialAction":[{"@type":"SearchAction","target":{"@type":"EntryPoint","urlTemplate":"https:\/\/prismin.fr\/?s={search_term_string}"},"query-input":{"@type":"PropertyValueSpecification","valueRequired":true,"valueName":"search_term_string"}}],"inLanguage":"en-US"},{"@type":"Organization","@id":"https:\/\/prismin.fr\/#organization","name":"Prism'in","url":"https:\/\/prismin.fr\/","logo":{"@type":"ImageObject","inLanguage":"en-US","@id":"https:\/\/prismin.fr\/#\/schema\/logo\/image\/","url":"https:\/\/prismin.fr\/wp-content\/uploads\/2025\/05\/Fichier-1.png","contentUrl":"https:\/\/prismin.fr\/wp-content\/uploads\/2025\/05\/Fichier-1.png","width":687,"height":688,"caption":"Prism'in"},"image":{"@id":"https:\/\/prismin.fr\/#\/schema\/logo\/image\/"},"sameAs":["https:\/\/www.facebook.com\/profile.php?id=61574081186865&locale=fr_FR","https:\/\/www.instagram.com\/prismin.officiel\/","https:\/\/www.linkedin.com\/company\/prism-in_officiel\/"]}]}},"_links":{"self":[{"href":"https:\/\/prismin.fr\/en\/wp-json\/wp\/v2\/pages\/230","targetHints":{"allow":["GET"]}}],"collection":[{"href":"https:\/\/prismin.fr\/en\/wp-json\/wp\/v2\/pages"}],"about":[{"href":"https:\/\/prismin.fr\/en\/wp-json\/wp\/v2\/types\/page"}],"author":[{"embeddable":true,"href":"https:\/\/prismin.fr\/en\/wp-json\/wp\/v2\/users\/1"}],"replies":[{"embeddable":true,"href":"https:\/\/prismin.fr\/en\/wp-json\/wp\/v2\/comments?post=230"}],"version-history":[{"count":77,"href":"https:\/\/prismin.fr\/en\/wp-json\/wp\/v2\/pages\/230\/revisions"}],"predecessor-version":[{"id":1296,"href":"https:\/\/prismin.fr\/en\/wp-json\/wp\/v2\/pages\/230\/revisions\/1296"}],"wp:attachment":[{"href":"https:\/\/prismin.fr\/en\/wp-json\/wp\/v2\/media?parent=230"}],"curies":[{"name":"wp","href":"https:\/\/api.w.org\/{rel}","templated":true}]}}